{"id":17939,"date":"2023-05-24T09:50:13","date_gmt":"2023-05-24T07:50:13","guid":{"rendered":"https:\/\/byo-group.com\/nos-partenaires\/"},"modified":"2023-06-29T10:07:07","modified_gmt":"2023-06-29T08:07:07","slug":"our-partners","status":"publish","type":"page","link":"https:\/\/byo-group.com\/en\/our-partners\/","title":{"rendered":"Partners"},"content":{"rendered":"\n<div id=\"header-page\" class=\"wp-block-group bg-image large-width-inner\"><div class=\"wp-block-group__inner-container is-layout-constrained wp-block-group-is-layout-constrained\">\n<figure class=\"wp-block-image size-full\"><img loading=\"lazy\" decoding=\"async\" width=\"2000\" height=\"1422\" src=\"https:\/\/byo-group.com\/wp-content\/uploads\/2023\/06\/byo-partenaires-header.jpg\" alt=\"Our partners\" class=\"wp-image-18259\" srcset=\"https:\/\/byo-group.com\/wp-content\/uploads\/2023\/06\/byo-partenaires-header.jpg 2000w, https:\/\/byo-group.com\/wp-content\/uploads\/2023\/06\/byo-partenaires-header-300x213.jpg 300w, https:\/\/byo-group.com\/wp-content\/uploads\/2023\/06\/byo-partenaires-header-1024x728.jpg 1024w, https:\/\/byo-group.com\/wp-content\/uploads\/2023\/06\/byo-partenaires-header-768x546.jpg 768w, https:\/\/byo-group.com\/wp-content\/uploads\/2023\/06\/byo-partenaires-header-1536x1092.jpg 1536w, https:\/\/byo-group.com\/wp-content\/uploads\/2023\/06\/byo-partenaires-header-400x284.jpg 400w\" sizes=\"auto, (max-width: 2000px) 100vw, 2000px\" \/><\/figure>\n\n\n\n<p><a href=\"https:\/\/byo-group.com\/en\/about-us\/\">About us<\/a> > Our partners<\/p>\n\n\n\n<h1 class=\"wp-block-heading\">Our partners<\/h1>\n\n\n\n<p>As a <a href=\"https:\/\/byo-group.com\/en\/about-us\/\">consulting firm<\/a> specialized in B2B relationships, we believe in the power of partnerships. We are used to working with trusted organizations to mutually enrich our knowledge.&nbsp;&nbsp;<\/p>\n<\/div><\/div>\n\n\n\n<div class=\"wp-block-group\"><div class=\"wp-block-group__inner-container is-layout-constrained wp-block-group-is-layout-constrained\">\n<div class=\"wp-block-columns is-layout-flex wp-container-core-columns-is-layout-9d6595d7 wp-block-columns-is-layout-flex\">\n<div class=\"wp-block-column is-vertically-aligned-center is-layout-flow wp-block-column-is-layout-flow\"><div class=\"wp-block-image logo\">\n<figure class=\"aligncenter size-full is-resized\"><img decoding=\"async\" src=\"https:\/\/byo-group.com\/wp-content\/uploads\/2023\/05\/logo-cips.png\" alt=\"CIPS\n\" class=\"wp-image-138\" width=\"300\" srcset=\"https:\/\/byo-group.com\/wp-content\/uploads\/2023\/05\/logo-cips.png 800w, https:\/\/byo-group.com\/wp-content\/uploads\/2023\/05\/logo-cips-300x188.png 300w, https:\/\/byo-group.com\/wp-content\/uploads\/2023\/05\/logo-cips-768x480.png 768w, https:\/\/byo-group.com\/wp-content\/uploads\/2023\/05\/logo-cips-400x250.png 400w\" sizes=\"(max-width: 800px) 100vw, 800px\" \/><\/figure>\n<\/div><\/div>\n\n\n\n<div class=\"wp-block-column card-grey is-layout-flow wp-block-column-is-layout-flow\">\n<h2 class=\"wp-block-heading\">CIPS (Chartered Institute of Procurement &amp; Supply)<\/h2>\n\n\n\n<p><a href=\"https:\/\/www.cips.org\/\" target=\"_blank\" rel=\"noreferrer noopener\">CIPS<\/a> is the leading professional organization for the promotion and development of best practice within the Purchasing function worldwide. It has 64,000 members in 180 countries. Its members can follow a continuous professional training program and obtain a certification for the acquisition of their skills.&nbsp;<\/p>\n\n\n\n<p>Since 2017, CIPS has granted By.O Group the market exclusivity in France, Switzerland, Belgium and Luxembourg. Our firm is thus the only one authorized to offer CIPS-certified training programs, guaranteeing international recognition of the skills acquired by the teams who follow our training programs.&nbsp;<\/p>\n<\/div>\n<\/div>\n<\/div><\/div>\n\n\n\n<div class=\"wp-block-group\"><div class=\"wp-block-group__inner-container is-layout-constrained wp-block-group-is-layout-constrained\">\n<div class=\"wp-block-columns is-layout-flex wp-container-core-columns-is-layout-9d6595d7 wp-block-columns-is-layout-flex\">\n<div class=\"wp-block-column card-grey is-layout-flow wp-block-column-is-layout-flow\">\n<h2 class=\"wp-block-heading\">EcoLearn<\/h2>\n\n\n\n<p><strong>EcoLearn<\/strong> is a training organization specializing in sustainability. Its founders considered that knowledge about sustainability was poorly disseminated in business. They think traditional training is too theoretical, and that teaching methods are generally not adapted to a target group of working professionals. The idea is to create a new &#8220;school&#8221; for <strong>teaching sustainable development skills<\/strong>.&nbsp;<\/p>\n\n\n\n<p>While EcoLearn was initially aimed at corporate CSR departments, we have joined forces in 2023 to extend these sustainability training courses to Purchasing departments. Indeed, the role of buyers is key to initiating change within the company and encouraging suppliers to make the environmental transition. In particular by decarbonizing their business. This partnership will enable us to provide our respective clients with new, complementary skills that fully meet today&#8217;s environmental and climate challenges.&nbsp;<\/p>\n<\/div>\n\n\n\n<div class=\"wp-block-column is-vertically-aligned-center is-layout-flow wp-block-column-is-layout-flow\"><div class=\"wp-block-image logo\">\n<figure class=\"aligncenter size-full\"><img loading=\"lazy\" decoding=\"async\" width=\"240\" height=\"69\" src=\"https:\/\/byo-group.com\/wp-content\/uploads\/2023\/05\/ecolearn-logo.svg\" alt=\"Ecolearn\n\" class=\"wp-image-139\"\/><\/figure>\n<\/div><\/div>\n<\/div>\n<\/div><\/div>\n\n\n\n<div class=\"wp-block-group\"><div class=\"wp-block-group__inner-container is-layout-constrained wp-block-group-is-layout-constrained\">\n<div class=\"wp-block-columns is-layout-flex wp-container-core-columns-is-layout-9d6595d7 wp-block-columns-is-layout-flex\">\n<div class=\"wp-block-column is-vertically-aligned-center is-layout-flow wp-block-column-is-layout-flow\"><div class=\"wp-block-image logo\">\n<figure class=\"aligncenter size-full is-resized\"><img decoding=\"async\" src=\"https:\/\/byo-group.com\/wp-content\/uploads\/2023\/05\/cna_logo.webp\" alt=\"CNA\" class=\"wp-image-140\" width=\"300\" srcset=\"https:\/\/byo-group.com\/wp-content\/uploads\/2023\/05\/cna_logo.webp 842w, https:\/\/byo-group.com\/wp-content\/uploads\/2023\/05\/cna_logo-300x212.webp 300w, https:\/\/byo-group.com\/wp-content\/uploads\/2023\/05\/cna_logo-768x543.webp 768w, https:\/\/byo-group.com\/wp-content\/uploads\/2023\/05\/cna_logo-400x283.webp 400w\" sizes=\"(max-width: 842px) 100vw, 842px\" \/><\/figure>\n<\/div><\/div>\n\n\n\n<div class=\"wp-block-column card-primary is-layout-flow wp-block-column-is-layout-flow\">\n<h2 class=\"wp-block-heading\">CNA (Conseil National des Achats)&nbsp;<\/h2>\n\n\n\n<p>The CNA is France&#8217;s oldest Purchasing network, founded in 1944. The CNA&#8217;s mission is to support and unite purchasing professionals to meet the challenges facing the function, improve supplier relations, and establish ethical working standards with other business units. It co-created and is responsible for the governance of the Responsible Purchasing and Supplier Relations Label (RFAR).&nbsp;<\/p>\n\n\n\n<p>The CNA represents a network of 22,000 purchasing professionals, and organizes numerous events throughout France, including the Universit\u00e9s des Achats, a flagship event which attracts over 1,500 participants to Paris every year.&nbsp;<\/p>\n\n\n\n<p>By.O Group is a long-standing partner of the CNA. We contributed to its reorganization and development. Today, we regularly host events as speakers or sponsors, to contribute together to the animation and emulation of the purchasing ecosystem.&nbsp;&nbsp;<\/p>\n<\/div>\n<\/div>\n<\/div><\/div>\n\n\n\n<div class=\"wp-block-group\"><div class=\"wp-block-group__inner-container is-layout-constrained wp-block-group-is-layout-constrained\">\n<div class=\"wp-block-columns is-layout-flex wp-container-core-columns-is-layout-9d6595d7 wp-block-columns-is-layout-flex\">\n<div class=\"wp-block-column card-grey is-layout-flow wp-block-column-is-layout-flow\">\n<h2 class=\"wp-block-heading\">ADRA (Association des Directeurs et Responsables des Achats)&nbsp;<\/h2>\n\n\n\n<p><strong>L\u2019ADRA<\/strong> est une association fond\u00e9e en 2002 qui repose sur le mod\u00e8le d\u2019un club collaboratif exclusivement r\u00e9serv\u00e9 aux Directeurs et Responsables des Achats du priv\u00e9 et du public. Elle compte plus de 100 membres repr\u00e9sentant une quarantaine de secteurs d\u2019activit\u00e9.&nbsp;<\/p>\n\n\n\n<p>L\u2019ADRA a \u00e9t\u00e9 pens\u00e9e comme un <strong>espace privil\u00e9gi\u00e9 de dialogue entre pairs<\/strong> afin d\u2019\u00e9changer les bonnes pratiques mutuelles. Des \u00e9v\u00e8nements sont r\u00e9guli\u00e8rement organis\u00e9s pour animer le club, notamment les Jeudis de l\u2019ADRA, lors desquels des intervenants ext\u00e9rieurs viennent apporter leur expertise.&nbsp;<\/p>\n\n\n\n<p>By.O Group est heureux de <strong>soutenir le d\u00e9veloppement de l\u2019ADRA <\/strong>en participant \u00e0 leurs \u00e9v\u00e8nements, et en rencontrant r\u00e9guli\u00e8rement un certain nombre de leurs membres. Fin 2022, notre cabinet \u00e9tait d\u2019ailleurs partenaire de la Soir\u00e9e des 20 ans de l\u2019association\u202f!&nbsp;<\/p>\n<\/div>\n\n\n\n<div class=\"wp-block-column is-vertically-aligned-center is-layout-flow wp-block-column-is-layout-flow\"><div class=\"wp-block-image logo\">\n<figure class=\"aligncenter size-full\"><img loading=\"lazy\" decoding=\"async\" width=\"138\" height=\"157\" src=\"https:\/\/byo-group.com\/wp-content\/uploads\/2023\/05\/logo-adra.png\" alt=\"ADRA\" class=\"wp-image-141\"\/><\/figure>\n<\/div><\/div>\n<\/div>\n<\/div><\/div>\n","protected":false},"excerpt":{"rendered":"<p>About us > Our partners Our partners As a consulting firm specialized in B2B relationships, we believe in the power of partnerships. We are used [&hellip;]<\/p>\n","protected":false},"author":1,"featured_media":0,"parent":0,"menu_order":3,"comment_status":"closed","ping_status":"closed","template":"","meta":{"_acf_changed":false,"footnotes":""},"class_list":["post-17939","page","type-page","status-publish","hentry"],"acf":[],"yoast_head":"<!-- This site is optimized with the Yoast SEO plugin v27.2 - https:\/\/yoast.com\/product\/yoast-seo-wordpress\/ -->\n<title>Partners - By.O Group<\/title>\n<meta name=\"description\" content=\"As a consulting firm specialized in B2B relationships, we believe in the power of partnerships.\" \/>\n<meta name=\"robots\" content=\"index, follow, max-snippet:-1, max-image-preview:large, max-video-preview:-1\" \/>\n<link rel=\"canonical\" href=\"https:\/\/byo-group.com\/en\/our-partners\/\" \/>\n<meta property=\"og:locale\" content=\"en_US\" \/>\n<meta property=\"og:type\" content=\"article\" \/>\n<meta property=\"og:title\" content=\"Partners - By.O Group\" \/>\n<meta property=\"og:description\" content=\"As a consulting firm specialized in B2B relationships, we believe in the power of partnerships.\" \/>\n<meta property=\"og:url\" content=\"https:\/\/byo-group.com\/en\/our-partners\/\" \/>\n<meta property=\"og:site_name\" content=\"By.O Group\" \/>\n<meta property=\"article:modified_time\" content=\"2023-06-29T08:07:07+00:00\" \/>\n<meta property=\"og:image\" content=\"https:\/\/byo-group.com\/wp-content\/uploads\/2023\/06\/byo-partenaires-header.jpg\" \/>\n<meta name=\"twitter:card\" content=\"summary_large_image\" \/>\n<script type=\"application\/ld+json\" class=\"yoast-schema-graph\">{\"@context\":\"https:\/\/schema.org\",\"@graph\":[{\"@type\":\"WebPage\",\"@id\":\"https:\/\/byo-group.com\/en\/our-partners\/\",\"url\":\"https:\/\/byo-group.com\/en\/our-partners\/\",\"name\":\"Partners - By.O Group\",\"isPartOf\":{\"@id\":\"https:\/\/byo-group.com\/en\/#website\"},\"primaryImageOfPage\":{\"@id\":\"https:\/\/byo-group.com\/en\/our-partners\/#primaryimage\"},\"image\":{\"@id\":\"https:\/\/byo-group.com\/en\/our-partners\/#primaryimage\"},\"thumbnailUrl\":\"https:\/\/byo-group.com\/wp-content\/uploads\/2023\/06\/byo-partenaires-header.jpg\",\"datePublished\":\"2023-05-24T07:50:13+00:00\",\"dateModified\":\"2023-06-29T08:07:07+00:00\",\"description\":\"As a consulting firm specialized in B2B relationships, we believe in the power of partnerships.\",\"breadcrumb\":{\"@id\":\"https:\/\/byo-group.com\/en\/our-partners\/#breadcrumb\"},\"inLanguage\":\"en-US\",\"potentialAction\":[{\"@type\":\"ReadAction\",\"target\":[\"https:\/\/byo-group.com\/en\/our-partners\/\"]}]},{\"@type\":\"ImageObject\",\"inLanguage\":\"en-US\",\"@id\":\"https:\/\/byo-group.com\/en\/our-partners\/#primaryimage\",\"url\":\"https:\/\/byo-group.com\/wp-content\/uploads\/2023\/06\/byo-partenaires-header.jpg\",\"contentUrl\":\"https:\/\/byo-group.com\/wp-content\/uploads\/2023\/06\/byo-partenaires-header.jpg\"},{\"@type\":\"BreadcrumbList\",\"@id\":\"https:\/\/byo-group.com\/en\/our-partners\/#breadcrumb\",\"itemListElement\":[{\"@type\":\"ListItem\",\"position\":1,\"name\":\"Accueil\",\"item\":\"https:\/\/byo-group.com\/en\/\"},{\"@type\":\"ListItem\",\"position\":2,\"name\":\"Partners\"}]},{\"@type\":\"WebSite\",\"@id\":\"https:\/\/byo-group.com\/en\/#website\",\"url\":\"https:\/\/byo-group.com\/en\/\",\"name\":\"By.O Group\",\"description\":\"Empower your business relationships\",\"publisher\":{\"@id\":\"https:\/\/byo-group.com\/en\/#organization\"},\"alternateName\":\"BYO\",\"potentialAction\":[{\"@type\":\"SearchAction\",\"target\":{\"@type\":\"EntryPoint\",\"urlTemplate\":\"https:\/\/byo-group.com\/en\/?s={search_term_string}\"},\"query-input\":{\"@type\":\"PropertyValueSpecification\",\"valueRequired\":true,\"valueName\":\"search_term_string\"}}],\"inLanguage\":\"en-US\"},{\"@type\":\"Organization\",\"@id\":\"https:\/\/byo-group.com\/en\/#organization\",\"name\":\"By.O Group\",\"alternateName\":\"BYO\",\"url\":\"https:\/\/byo-group.com\/en\/\",\"logo\":{\"@type\":\"ImageObject\",\"inLanguage\":\"en-US\",\"@id\":\"https:\/\/byo-group.com\/en\/#\/schema\/logo\/image\/\",\"url\":\"https:\/\/byo-group.com\/wp-content\/uploads\/2023\/06\/cropped-MONOGRAMME_BLEU.png\",\"contentUrl\":\"https:\/\/byo-group.com\/wp-content\/uploads\/2023\/06\/cropped-MONOGRAMME_BLEU.png\",\"width\":512,\"height\":512,\"caption\":\"By.O Group\"},\"image\":{\"@id\":\"https:\/\/byo-group.com\/en\/#\/schema\/logo\/image\/\"},\"sameAs\":[\"https:\/\/www.linkedin.com\/company\/byo-group.com\"]}]}<\/script>\n<!-- \/ Yoast SEO plugin. -->","yoast_head_json":{"title":"Partners - By.O Group","description":"As a consulting firm specialized in B2B relationships, we believe in the power of partnerships.","robots":{"index":"index","follow":"follow","max-snippet":"max-snippet:-1","max-image-preview":"max-image-preview:large","max-video-preview":"max-video-preview:-1"},"canonical":"https:\/\/byo-group.com\/en\/our-partners\/","og_locale":"en_US","og_type":"article","og_title":"Partners - By.O Group","og_description":"As a consulting firm specialized in B2B relationships, we believe in the power of partnerships.","og_url":"https:\/\/byo-group.com\/en\/our-partners\/","og_site_name":"By.O Group","article_modified_time":"2023-06-29T08:07:07+00:00","og_image":[{"url":"https:\/\/byo-group.com\/wp-content\/uploads\/2023\/06\/byo-partenaires-header.jpg","type":"","width":"","height":""}],"twitter_card":"summary_large_image","schema":{"@context":"https:\/\/schema.org","@graph":[{"@type":"WebPage","@id":"https:\/\/byo-group.com\/en\/our-partners\/","url":"https:\/\/byo-group.com\/en\/our-partners\/","name":"Partners - By.O Group","isPartOf":{"@id":"https:\/\/byo-group.com\/en\/#website"},"primaryImageOfPage":{"@id":"https:\/\/byo-group.com\/en\/our-partners\/#primaryimage"},"image":{"@id":"https:\/\/byo-group.com\/en\/our-partners\/#primaryimage"},"thumbnailUrl":"https:\/\/byo-group.com\/wp-content\/uploads\/2023\/06\/byo-partenaires-header.jpg","datePublished":"2023-05-24T07:50:13+00:00","dateModified":"2023-06-29T08:07:07+00:00","description":"As a consulting firm specialized in B2B relationships, we believe in the power of partnerships.","breadcrumb":{"@id":"https:\/\/byo-group.com\/en\/our-partners\/#breadcrumb"},"inLanguage":"en-US","potentialAction":[{"@type":"ReadAction","target":["https:\/\/byo-group.com\/en\/our-partners\/"]}]},{"@type":"ImageObject","inLanguage":"en-US","@id":"https:\/\/byo-group.com\/en\/our-partners\/#primaryimage","url":"https:\/\/byo-group.com\/wp-content\/uploads\/2023\/06\/byo-partenaires-header.jpg","contentUrl":"https:\/\/byo-group.com\/wp-content\/uploads\/2023\/06\/byo-partenaires-header.jpg"},{"@type":"BreadcrumbList","@id":"https:\/\/byo-group.com\/en\/our-partners\/#breadcrumb","itemListElement":[{"@type":"ListItem","position":1,"name":"Accueil","item":"https:\/\/byo-group.com\/en\/"},{"@type":"ListItem","position":2,"name":"Partners"}]},{"@type":"WebSite","@id":"https:\/\/byo-group.com\/en\/#website","url":"https:\/\/byo-group.com\/en\/","name":"By.O Group","description":"Empower your business relationships","publisher":{"@id":"https:\/\/byo-group.com\/en\/#organization"},"alternateName":"BYO","potentialAction":[{"@type":"SearchAction","target":{"@type":"EntryPoint","urlTemplate":"https:\/\/byo-group.com\/en\/?s={search_term_string}"},"query-input":{"@type":"PropertyValueSpecification","valueRequired":true,"valueName":"search_term_string"}}],"inLanguage":"en-US"},{"@type":"Organization","@id":"https:\/\/byo-group.com\/en\/#organization","name":"By.O Group","alternateName":"BYO","url":"https:\/\/byo-group.com\/en\/","logo":{"@type":"ImageObject","inLanguage":"en-US","@id":"https:\/\/byo-group.com\/en\/#\/schema\/logo\/image\/","url":"https:\/\/byo-group.com\/wp-content\/uploads\/2023\/06\/cropped-MONOGRAMME_BLEU.png","contentUrl":"https:\/\/byo-group.com\/wp-content\/uploads\/2023\/06\/cropped-MONOGRAMME_BLEU.png","width":512,"height":512,"caption":"By.O Group"},"image":{"@id":"https:\/\/byo-group.com\/en\/#\/schema\/logo\/image\/"},"sameAs":["https:\/\/www.linkedin.com\/company\/byo-group.com"]}]}},"_links":{"self":[{"href":"https:\/\/byo-group.com\/en\/wp-json\/wp\/v2\/pages\/17939","targetHints":{"allow":["GET"]}}],"collection":[{"href":"https:\/\/byo-group.com\/en\/wp-json\/wp\/v2\/pages"}],"about":[{"href":"https:\/\/byo-group.com\/en\/wp-json\/wp\/v2\/types\/page"}],"author":[{"embeddable":true,"href":"https:\/\/byo-group.com\/en\/wp-json\/wp\/v2\/users\/1"}],"replies":[{"embeddable":true,"href":"https:\/\/byo-group.com\/en\/wp-json\/wp\/v2\/comments?post=17939"}],"version-history":[{"count":5,"href":"https:\/\/byo-group.com\/en\/wp-json\/wp\/v2\/pages\/17939\/revisions"}],"predecessor-version":[{"id":18264,"href":"https:\/\/byo-group.com\/en\/wp-json\/wp\/v2\/pages\/17939\/revisions\/18264"}],"wp:attachment":[{"href":"https:\/\/byo-group.com\/en\/wp-json\/wp\/v2\/media?parent=17939"}],"curies":[{"name":"wp","href":"https:\/\/api.w.org\/{rel}","templated":true}]}}