{"id":17933,"date":"2023-05-23T13:39:08","date_gmt":"2023-05-23T11:39:08","guid":{"rendered":"https:\/\/byo-group.com\/nos-valeurs\/"},"modified":"2023-06-29T09:48:34","modified_gmt":"2023-06-29T07:48:34","slug":"our-values","status":"publish","type":"page","link":"https:\/\/byo-group.com\/en\/our-values\/","title":{"rendered":"Values"},"content":{"rendered":"\n<div id=\"header-page\" class=\"wp-block-group bg-image large-width-inner\"><div class=\"wp-block-group__inner-container is-layout-constrained wp-block-group-is-layout-constrained\">\n<figure class=\"wp-block-image size-full\"><img loading=\"lazy\" decoding=\"async\" width=\"2000\" height=\"1500\" src=\"https:\/\/byo-group.com\/wp-content\/uploads\/2023\/06\/byo-nos_valeurs-header.jpg\" alt=\"By.O Group: our values\" class=\"wp-image-18253\" srcset=\"https:\/\/byo-group.com\/wp-content\/uploads\/2023\/06\/byo-nos_valeurs-header.jpg 2000w, https:\/\/byo-group.com\/wp-content\/uploads\/2023\/06\/byo-nos_valeurs-header-300x225.jpg 300w, https:\/\/byo-group.com\/wp-content\/uploads\/2023\/06\/byo-nos_valeurs-header-1024x768.jpg 1024w, https:\/\/byo-group.com\/wp-content\/uploads\/2023\/06\/byo-nos_valeurs-header-768x576.jpg 768w, https:\/\/byo-group.com\/wp-content\/uploads\/2023\/06\/byo-nos_valeurs-header-1536x1152.jpg 1536w, https:\/\/byo-group.com\/wp-content\/uploads\/2023\/06\/byo-nos_valeurs-header-400x300.jpg 400w\" sizes=\"auto, (max-width: 2000px) 100vw, 2000px\" \/><\/figure>\n\n\n\n<p><a href=\"https:\/\/byo-group.com\/en\/about-us\/\">About us<\/a> &gt; Values<\/p>\n\n\n\n<h1 class=\"wp-block-heading\">By.O Group: our values<\/h1>\n\n\n\n<p>By.O Group is a <a href=\"https:\/\/byo-group.com\/en\/about-us\/\">human scale consulting firm<\/a>, where teamwork is central. We share common values, which we determined through a process of co-construction with the entire team.&nbsp;<\/p>\n<\/div><\/div>\n\n\n\n<div class=\"wp-block-group\"><div class=\"wp-block-group__inner-container is-layout-constrained wp-block-group-is-layout-constrained\">\n<div class=\"wp-block-columns is-layout-flex wp-container-core-columns-is-layout-9d6595d7 wp-block-columns-is-layout-flex\">\n<div class=\"wp-block-column full-column-height is-layout-flow wp-block-column-is-layout-flow\">\n<figure class=\"wp-block-image size-large\"><img loading=\"lazy\" decoding=\"async\" width=\"683\" height=\"1024\" src=\"https:\/\/byo-group.com\/wp-content\/uploads\/2023\/05\/byo-valeurs-1-683x1024.jpg\" alt=\"Audace d\u2019entreprendre\" class=\"wp-image-107\" srcset=\"https:\/\/byo-group.com\/wp-content\/uploads\/2023\/05\/byo-valeurs-1-683x1024.jpg 683w, https:\/\/byo-group.com\/wp-content\/uploads\/2023\/05\/byo-valeurs-1-200x300.jpg 200w, https:\/\/byo-group.com\/wp-content\/uploads\/2023\/05\/byo-valeurs-1-768x1152.jpg 768w, https:\/\/byo-group.com\/wp-content\/uploads\/2023\/05\/byo-valeurs-1-267x400.jpg 267w, https:\/\/byo-group.com\/wp-content\/uploads\/2023\/05\/byo-valeurs-1.jpg 800w\" sizes=\"auto, (max-width: 683px) 100vw, 683px\" \/><\/figure>\n<\/div>\n\n\n\n<div class=\"wp-block-column card-grey is-layout-flow wp-block-column-is-layout-flow\">\n<figure class=\"wp-block-image size-large logo\"><img loading=\"lazy\" decoding=\"async\" width=\"64\" height=\"64\" src=\"https:\/\/byo-group.com\/wp-content\/uploads\/2023\/05\/byo-valeur-audace.svg\" alt=\"Nous d\u00e9passer pour innover, apporter toujours plus de valeur \u00e0 nos clients\" class=\"wp-image-105\"\/><\/figure>\n\n\n\n<h2 class=\"wp-block-heading\">Entrepreneurial daring<\/h2>\n\n\n\n<p>Surpassing ourselves to innovate, bringing ever greater value to our clients:&nbsp;<\/p>\n\n\n\n<ul class=\"wp-block-list\">\n<li>Propose creative solutions&nbsp;<\/li>\n\n\n\n<li>Be pragmatic&nbsp;<\/li>\n\n\n\n<li>Take a step aside, dare to take a critical &amp; constructive look at things&nbsp;<\/li>\n\n\n\n<li>Develop our clients&#8217; ability to surpass themselves collectively&nbsp;<\/li>\n<\/ul>\n<\/div>\n<\/div>\n<\/div><\/div>\n\n\n\n<div class=\"wp-block-group\"><div class=\"wp-block-group__inner-container is-layout-constrained wp-block-group-is-layout-constrained\">\n<div class=\"wp-block-columns is-layout-flex wp-container-core-columns-is-layout-9d6595d7 wp-block-columns-is-layout-flex\">\n<div class=\"wp-block-column card-grey is-layout-flow wp-block-column-is-layout-flow\">\n<figure class=\"wp-block-image size-large logo\"><img loading=\"lazy\" decoding=\"async\" width=\"64\" height=\"64\" src=\"https:\/\/byo-group.com\/wp-content\/uploads\/2023\/05\/byo-valeur-approche.svg\" alt=\"Construire les succ\u00e8s sur la force d\u2019un collectif vari\u00e9 et soud\u00e9\u200b\" class=\"wp-image-104\"\/><\/figure>\n\n\n\n<h2 class=\"wp-block-heading\">Collaborative approach&nbsp;<\/h2>\n\n\n\n<p>Building success on the strength of a diverse and close-knit team:<\/p>\n\n\n\n<ul class=\"wp-block-list\">\n<li>Unite around an objective&nbsp;<\/li>\n\n\n\n<li>Establish common rules to generate trust&nbsp;<\/li>\n\n\n\n<li>Promote co-construction&nbsp;<\/li>\n\n\n\n<li>Value our clients\u2019 collective&nbsp;<\/li>\n<\/ul>\n<\/div>\n\n\n\n<div class=\"wp-block-column full-column-height is-layout-flow wp-block-column-is-layout-flow\">\n<figure class=\"wp-block-image size-large\"><img loading=\"lazy\" decoding=\"async\" width=\"683\" height=\"1024\" src=\"https:\/\/byo-group.com\/wp-content\/uploads\/2023\/05\/byo-valeurs-2-683x1024.jpg\" alt=\"Approche collaborative\u00a0\" class=\"wp-image-109\" srcset=\"https:\/\/byo-group.com\/wp-content\/uploads\/2023\/05\/byo-valeurs-2-683x1024.jpg 683w, https:\/\/byo-group.com\/wp-content\/uploads\/2023\/05\/byo-valeurs-2-200x300.jpg 200w, https:\/\/byo-group.com\/wp-content\/uploads\/2023\/05\/byo-valeurs-2-768x1152.jpg 768w, https:\/\/byo-group.com\/wp-content\/uploads\/2023\/05\/byo-valeurs-2-267x400.jpg 267w, https:\/\/byo-group.com\/wp-content\/uploads\/2023\/05\/byo-valeurs-2.jpg 800w\" sizes=\"auto, (max-width: 683px) 100vw, 683px\" \/><\/figure>\n<\/div>\n<\/div>\n<\/div><\/div>\n\n\n\n<div class=\"wp-block-group\"><div class=\"wp-block-group__inner-container is-layout-constrained wp-block-group-is-layout-constrained\">\n<div class=\"wp-block-columns is-layout-flex wp-container-core-columns-is-layout-9d6595d7 wp-block-columns-is-layout-flex\">\n<div class=\"wp-block-column full-column-height is-layout-flow wp-block-column-is-layout-flow\">\n<figure class=\"wp-block-image size-large\"><img loading=\"lazy\" decoding=\"async\" width=\"1024\" height=\"683\" src=\"https:\/\/byo-group.com\/wp-content\/uploads\/2023\/05\/byo-valeurs-3-1024x683.jpg\" alt=\"Jeu collectif\" class=\"wp-image-110\" srcset=\"https:\/\/byo-group.com\/wp-content\/uploads\/2023\/05\/byo-valeurs-3-1024x683.jpg 1024w, https:\/\/byo-group.com\/wp-content\/uploads\/2023\/05\/byo-valeurs-3-300x200.jpg 300w, https:\/\/byo-group.com\/wp-content\/uploads\/2023\/05\/byo-valeurs-3-768x512.jpg 768w, https:\/\/byo-group.com\/wp-content\/uploads\/2023\/05\/byo-valeurs-3-400x267.jpg 400w, https:\/\/byo-group.com\/wp-content\/uploads\/2023\/05\/byo-valeurs-3.jpg 1200w\" sizes=\"auto, (max-width: 1024px) 100vw, 1024px\" \/><\/figure>\n<\/div>\n\n\n\n<div class=\"wp-block-column card-grey is-layout-flow wp-block-column-is-layout-flow\">\n<figure class=\"wp-block-image size-large logo\"><img loading=\"lazy\" decoding=\"async\" width=\"64\" height=\"64\" src=\"https:\/\/byo-group.com\/wp-content\/uploads\/2023\/05\/byo-valeur-jeu.svg\" alt=\"Insuffler une \u00e9nergie collaborative et durable avec nos clients &amp; nos \u00e9cosyst\u00e8mes\u200b\" class=\"wp-image-106\"\/><\/figure>\n\n\n\n<h2 class=\"wp-block-heading\">Collective play<\/h2>\n\n\n\n<p>Instilling a collaborative and sustainable energy with our customers &amp; ecosystems<\/p>\n\n\n\n<ul class=\"wp-block-list\">\n<li>Learn from our customers&#8217; cultures&nbsp;<\/li>\n\n\n\n<li>Treat all stakeholders with respect&nbsp;<\/li>\n\n\n\n<li>Adopt a holistic approach, including social &amp; environmental issues&nbsp;<\/li>\n\n\n\n<li>Value equity and sustainability in our recommendations&nbsp;<\/li>\n\n\n\n<li>Be there for our clients&nbsp;<\/li>\n<\/ul>\n<\/div>\n<\/div>\n<\/div><\/div>\n","protected":false},"excerpt":{"rendered":"<p>About us &gt; Values By.O Group: our values By.O Group is a human scale consulting firm, where teamwork is central. We share common values, which [&hellip;]<\/p>\n","protected":false},"author":1,"featured_media":0,"parent":0,"menu_order":1,"comment_status":"closed","ping_status":"closed","template":"","meta":{"_acf_changed":false,"footnotes":""},"class_list":["post-17933","page","type-page","status-publish","hentry"],"acf":[],"yoast_head":"<!-- This site is optimized with the Yoast SEO plugin v27.2 - https:\/\/yoast.com\/product\/yoast-seo-wordpress\/ -->\n<title>By.O Group: our values<\/title>\n<meta name=\"description\" content=\"By.O Group is a human scale consulting firm. We share common values, which we determined through a process of co-construction with the team.\" \/>\n<meta name=\"robots\" content=\"index, follow, max-snippet:-1, max-image-preview:large, max-video-preview:-1\" \/>\n<link rel=\"canonical\" href=\"https:\/\/byo-group.com\/en\/our-values\/\" \/>\n<meta property=\"og:locale\" content=\"en_US\" \/>\n<meta property=\"og:type\" content=\"article\" \/>\n<meta property=\"og:title\" content=\"By.O Group: our values\" \/>\n<meta property=\"og:description\" content=\"By.O Group is a human scale consulting firm. We share common values, which we determined through a process of co-construction with the team.\" \/>\n<meta property=\"og:url\" content=\"https:\/\/byo-group.com\/en\/our-values\/\" \/>\n<meta property=\"og:site_name\" content=\"By.O Group\" \/>\n<meta property=\"article:modified_time\" content=\"2023-06-29T07:48:34+00:00\" \/>\n<meta property=\"og:image\" content=\"https:\/\/byo-group.com\/wp-content\/uploads\/2023\/06\/byo-nos_valeurs-header.jpg\" \/>\n<meta name=\"twitter:card\" content=\"summary_large_image\" \/>\n<script type=\"application\/ld+json\" class=\"yoast-schema-graph\">{\"@context\":\"https:\/\/schema.org\",\"@graph\":[{\"@type\":\"WebPage\",\"@id\":\"https:\/\/byo-group.com\/en\/our-values\/\",\"url\":\"https:\/\/byo-group.com\/en\/our-values\/\",\"name\":\"By.O Group: our values\",\"isPartOf\":{\"@id\":\"https:\/\/byo-group.com\/en\/#website\"},\"primaryImageOfPage\":{\"@id\":\"https:\/\/byo-group.com\/en\/our-values\/#primaryimage\"},\"image\":{\"@id\":\"https:\/\/byo-group.com\/en\/our-values\/#primaryimage\"},\"thumbnailUrl\":\"https:\/\/byo-group.com\/wp-content\/uploads\/2023\/06\/byo-nos_valeurs-header.jpg\",\"datePublished\":\"2023-05-23T11:39:08+00:00\",\"dateModified\":\"2023-06-29T07:48:34+00:00\",\"description\":\"By.O Group is a human scale consulting firm. We share common values, which we determined through a process of co-construction with the team.\",\"breadcrumb\":{\"@id\":\"https:\/\/byo-group.com\/en\/our-values\/#breadcrumb\"},\"inLanguage\":\"en-US\",\"potentialAction\":[{\"@type\":\"ReadAction\",\"target\":[\"https:\/\/byo-group.com\/en\/our-values\/\"]}]},{\"@type\":\"ImageObject\",\"inLanguage\":\"en-US\",\"@id\":\"https:\/\/byo-group.com\/en\/our-values\/#primaryimage\",\"url\":\"https:\/\/byo-group.com\/wp-content\/uploads\/2023\/06\/byo-nos_valeurs-header.jpg\",\"contentUrl\":\"https:\/\/byo-group.com\/wp-content\/uploads\/2023\/06\/byo-nos_valeurs-header.jpg\"},{\"@type\":\"BreadcrumbList\",\"@id\":\"https:\/\/byo-group.com\/en\/our-values\/#breadcrumb\",\"itemListElement\":[{\"@type\":\"ListItem\",\"position\":1,\"name\":\"Accueil\",\"item\":\"https:\/\/byo-group.com\/en\/\"},{\"@type\":\"ListItem\",\"position\":2,\"name\":\"Values\"}]},{\"@type\":\"WebSite\",\"@id\":\"https:\/\/byo-group.com\/en\/#website\",\"url\":\"https:\/\/byo-group.com\/en\/\",\"name\":\"By.O Group\",\"description\":\"Empower your business relationships\",\"publisher\":{\"@id\":\"https:\/\/byo-group.com\/en\/#organization\"},\"alternateName\":\"BYO\",\"potentialAction\":[{\"@type\":\"SearchAction\",\"target\":{\"@type\":\"EntryPoint\",\"urlTemplate\":\"https:\/\/byo-group.com\/en\/?s={search_term_string}\"},\"query-input\":{\"@type\":\"PropertyValueSpecification\",\"valueRequired\":true,\"valueName\":\"search_term_string\"}}],\"inLanguage\":\"en-US\"},{\"@type\":\"Organization\",\"@id\":\"https:\/\/byo-group.com\/en\/#organization\",\"name\":\"By.O Group\",\"alternateName\":\"BYO\",\"url\":\"https:\/\/byo-group.com\/en\/\",\"logo\":{\"@type\":\"ImageObject\",\"inLanguage\":\"en-US\",\"@id\":\"https:\/\/byo-group.com\/en\/#\/schema\/logo\/image\/\",\"url\":\"https:\/\/byo-group.com\/wp-content\/uploads\/2023\/06\/cropped-MONOGRAMME_BLEU.png\",\"contentUrl\":\"https:\/\/byo-group.com\/wp-content\/uploads\/2023\/06\/cropped-MONOGRAMME_BLEU.png\",\"width\":512,\"height\":512,\"caption\":\"By.O Group\"},\"image\":{\"@id\":\"https:\/\/byo-group.com\/en\/#\/schema\/logo\/image\/\"},\"sameAs\":[\"https:\/\/www.linkedin.com\/company\/byo-group.com\"]}]}<\/script>\n<!-- \/ Yoast SEO plugin. -->","yoast_head_json":{"title":"By.O Group: our values","description":"By.O Group is a human scale consulting firm. We share common values, which we determined through a process of co-construction with the team.","robots":{"index":"index","follow":"follow","max-snippet":"max-snippet:-1","max-image-preview":"max-image-preview:large","max-video-preview":"max-video-preview:-1"},"canonical":"https:\/\/byo-group.com\/en\/our-values\/","og_locale":"en_US","og_type":"article","og_title":"By.O Group: our values","og_description":"By.O Group is a human scale consulting firm. We share common values, which we determined through a process of co-construction with the team.","og_url":"https:\/\/byo-group.com\/en\/our-values\/","og_site_name":"By.O Group","article_modified_time":"2023-06-29T07:48:34+00:00","og_image":[{"url":"https:\/\/byo-group.com\/wp-content\/uploads\/2023\/06\/byo-nos_valeurs-header.jpg","type":"","width":"","height":""}],"twitter_card":"summary_large_image","schema":{"@context":"https:\/\/schema.org","@graph":[{"@type":"WebPage","@id":"https:\/\/byo-group.com\/en\/our-values\/","url":"https:\/\/byo-group.com\/en\/our-values\/","name":"By.O Group: our values","isPartOf":{"@id":"https:\/\/byo-group.com\/en\/#website"},"primaryImageOfPage":{"@id":"https:\/\/byo-group.com\/en\/our-values\/#primaryimage"},"image":{"@id":"https:\/\/byo-group.com\/en\/our-values\/#primaryimage"},"thumbnailUrl":"https:\/\/byo-group.com\/wp-content\/uploads\/2023\/06\/byo-nos_valeurs-header.jpg","datePublished":"2023-05-23T11:39:08+00:00","dateModified":"2023-06-29T07:48:34+00:00","description":"By.O Group is a human scale consulting firm. We share common values, which we determined through a process of co-construction with the team.","breadcrumb":{"@id":"https:\/\/byo-group.com\/en\/our-values\/#breadcrumb"},"inLanguage":"en-US","potentialAction":[{"@type":"ReadAction","target":["https:\/\/byo-group.com\/en\/our-values\/"]}]},{"@type":"ImageObject","inLanguage":"en-US","@id":"https:\/\/byo-group.com\/en\/our-values\/#primaryimage","url":"https:\/\/byo-group.com\/wp-content\/uploads\/2023\/06\/byo-nos_valeurs-header.jpg","contentUrl":"https:\/\/byo-group.com\/wp-content\/uploads\/2023\/06\/byo-nos_valeurs-header.jpg"},{"@type":"BreadcrumbList","@id":"https:\/\/byo-group.com\/en\/our-values\/#breadcrumb","itemListElement":[{"@type":"ListItem","position":1,"name":"Accueil","item":"https:\/\/byo-group.com\/en\/"},{"@type":"ListItem","position":2,"name":"Values"}]},{"@type":"WebSite","@id":"https:\/\/byo-group.com\/en\/#website","url":"https:\/\/byo-group.com\/en\/","name":"By.O Group","description":"Empower your business relationships","publisher":{"@id":"https:\/\/byo-group.com\/en\/#organization"},"alternateName":"BYO","potentialAction":[{"@type":"SearchAction","target":{"@type":"EntryPoint","urlTemplate":"https:\/\/byo-group.com\/en\/?s={search_term_string}"},"query-input":{"@type":"PropertyValueSpecification","valueRequired":true,"valueName":"search_term_string"}}],"inLanguage":"en-US"},{"@type":"Organization","@id":"https:\/\/byo-group.com\/en\/#organization","name":"By.O Group","alternateName":"BYO","url":"https:\/\/byo-group.com\/en\/","logo":{"@type":"ImageObject","inLanguage":"en-US","@id":"https:\/\/byo-group.com\/en\/#\/schema\/logo\/image\/","url":"https:\/\/byo-group.com\/wp-content\/uploads\/2023\/06\/cropped-MONOGRAMME_BLEU.png","contentUrl":"https:\/\/byo-group.com\/wp-content\/uploads\/2023\/06\/cropped-MONOGRAMME_BLEU.png","width":512,"height":512,"caption":"By.O Group"},"image":{"@id":"https:\/\/byo-group.com\/en\/#\/schema\/logo\/image\/"},"sameAs":["https:\/\/www.linkedin.com\/company\/byo-group.com"]}]}},"_links":{"self":[{"href":"https:\/\/byo-group.com\/en\/wp-json\/wp\/v2\/pages\/17933","targetHints":{"allow":["GET"]}}],"collection":[{"href":"https:\/\/byo-group.com\/en\/wp-json\/wp\/v2\/pages"}],"about":[{"href":"https:\/\/byo-group.com\/en\/wp-json\/wp\/v2\/types\/page"}],"author":[{"embeddable":true,"href":"https:\/\/byo-group.com\/en\/wp-json\/wp\/v2\/users\/1"}],"replies":[{"embeddable":true,"href":"https:\/\/byo-group.com\/en\/wp-json\/wp\/v2\/comments?post=17933"}],"version-history":[{"count":5,"href":"https:\/\/byo-group.com\/en\/wp-json\/wp\/v2\/pages\/17933\/revisions"}],"predecessor-version":[{"id":18256,"href":"https:\/\/byo-group.com\/en\/wp-json\/wp\/v2\/pages\/17933\/revisions\/18256"}],"wp:attachment":[{"href":"https:\/\/byo-group.com\/en\/wp-json\/wp\/v2\/media?parent=17933"}],"curies":[{"name":"wp","href":"https:\/\/api.w.org\/{rel}","templated":true}]}}